{"id":667,"date":"2025-02-25T09:22:57","date_gmt":"2025-02-25T08:22:57","guid":{"rendered":"https:\/\/kr4bm5bpekk.preview.infomaniak.website\/?page_id=667"},"modified":"2025-02-27T16:14:01","modified_gmt":"2025-02-27T15:14:01","slug":"mentions-legales","status":"publish","type":"page","link":"https:\/\/madamebutler.com\/fr\/mentions-legales\/","title":{"rendered":"Mentions legales"},"content":{"rendered":"\t\t<div data-elementor-type=\"wp-page\" data-elementor-id=\"667\" class=\"elementor elementor-667\" data-elementor-post-type=\"page\">\n\t\t\t\t<div class=\"elementor-element elementor-element-4f39976 e-flex e-con-boxed e-con e-parent\" data-id=\"4f39976\" data-element_type=\"container\">\n\t\t\t\t\t<div class=\"e-con-inner\">\n\t\t\t\t\t<\/div>\n\t\t\t\t<\/div>\n\t\t<div class=\"elementor-element elementor-element-dae2556 e-flex e-con-boxed e-con e-parent\" data-id=\"dae2556\" data-element_type=\"container\">\n\t\t\t\t\t<div class=\"e-con-inner\">\n\t\t\t\t<div class=\"elementor-element elementor-element-6d9d2ac elementor-widget elementor-widget-text-editor\" data-id=\"6d9d2ac\" data-element_type=\"widget\" data-widget_type=\"text-editor.default\">\n\t\t\t\t<div class=\"elementor-widget-container\">\n\t\t\t\t\t\t\t\t\t<p><strong>\u00c9diteur du site<\/strong><br \/>Le site madamebutler.com est \u00e9dit\u00e9 par :<br \/><strong>Nom de l&rsquo;entreprise<\/strong> : Ideal-Com<br \/><strong>Forme juridique<\/strong> : ???<br \/><strong>Num\u00e9ro RCS<\/strong> : ????<\/p><p><strong>Si\u00e8ge social<\/strong> :????<strong><br \/>Num\u00e9ro de TVA intracommunautaire<\/strong> :\u00a0<\/p><p><strong>H\u00e9bergeur<\/strong><\/p><ol start=\"2\"><li>Le site est h\u00e9berg\u00e9 par :<br \/><strong>Nom de l&rsquo;h\u00e9bergeur<\/strong> : Infomaniak<br \/><strong>Adresse<\/strong> : [Adresse compl\u00e8te de l&rsquo;h\u00e9bergeur]<br \/><strong>Num\u00e9ro de t\u00e9l\u00e9phone<\/strong> :1007<\/li><li><strong> Propri\u00e9t\u00e9 intellectuelle<\/strong><br \/>L\u2019ensemble des contenus pr\u00e9sents sur ce site (textes, images, logos, vid\u00e9os, etc.) sont prot\u00e9g\u00e9s par les droits d\u2019auteur et autres droits de propri\u00e9t\u00e9 intellectuelle. Toute reproduction, distribution, modification, ou toute autre utilisation non autoris\u00e9e de ces contenus, sans l&rsquo;accord pr\u00e9alable \u00e9crit de l&rsquo;\u00e9diteur, est strictement interdite.<\/li><li><strong> Protection des donn\u00e9es personnelles<\/strong><br \/>Conform\u00e9ment \u00e0 la loi Informatique et Libert\u00e9s du 6 janvier 1978 modifi\u00e9e, ainsi qu\u2019au R\u00e8glement G\u00e9n\u00e9ral sur la Protection des Donn\u00e9es (RGPD) de l&rsquo;Union Europ\u00e9enne, nous vous informons que les donn\u00e9es collect\u00e9es sur ce site (formulaire de contact, inscription \u00e0 la newsletter, etc.) sont trait\u00e9es de mani\u00e8re confidentielle. Ces donn\u00e9es sont utilis\u00e9es exclusivement pour r\u00e9pondre \u00e0 vos demandes ou pour l&rsquo;envoi d&rsquo;informations relatives \u00e0 nos services.<br \/>Vous disposez d&rsquo;un droit d&rsquo;acc\u00e8s, de rectification, de suppression, ainsi que du droit \u00e0 la portabilit\u00e9 des donn\u00e9es vous concernant, en nous contactant \u00e0 l\u2019adresse suivante : [adresse email de contact].<br \/>Pour plus d&rsquo;informations, veuillez consulter notre <strong>Politique de confidentialit\u00e9<\/strong>.<\/li><li><strong> Cookies<\/strong><br \/>Le site utilise des cookies afin d&rsquo;am\u00e9liorer votre exp\u00e9rience utilisateur, analyser le trafic, et personnaliser le contenu et les publicit\u00e9s. Vous avez la possibilit\u00e9 de refuser l&rsquo;utilisation des cookies en configurant votre navigateur.<\/li><li><strong> Responsabilit\u00e9<\/strong><br \/>Les informations et contenus pr\u00e9sents sur ce site sont fournis \u00e0 titre informatif. L&rsquo;entreprise [Nom de l&rsquo;entreprise] met tout en \u0153uvre pour assurer l&rsquo;exactitude et la mise \u00e0 jour des informations, mais ne saurait \u00eatre tenue responsable des erreurs, omissions ou des cons\u00e9quences de l\u2019utilisation des informations diffus\u00e9es sur le site.<br \/>Le site peut contenir des liens vers des sites externes. Nous d\u00e9clinons toute responsabilit\u00e9 concernant le contenu de ces sites et leur politique de confidentialit\u00e9.<\/li><li><strong> Loi applicable et juridiction comp\u00e9tente<\/strong><br \/>Les pr\u00e9sentes mentions l\u00e9gales sont r\u00e9gies par la loi fran\u00e7aise. En cas de litige, les tribunaux de Draguignan seront comp\u00e9tents.<\/li><\/ol>\t\t\t\t\t\t\t\t<\/div>\n\t\t\t\t<\/div>\n\t\t\t\t\t<\/div>\n\t\t\t\t<\/div>\n\t\t\t\t<\/div>\n\t\t","protected":false},"excerpt":{"rendered":"<p>\u00c9diteur du siteLe site madamebutler.com est \u00e9dit\u00e9 par :Nom de l&rsquo;entreprise : Ideal-ComForme juridique : ???Num\u00e9ro RCS : ???? Si\u00e8ge social :????Num\u00e9ro de TVA intracommunautaire :\u00a0 H\u00e9bergeur Le site est h\u00e9berg\u00e9 par :Nom de l&rsquo;h\u00e9bergeur : InfomaniakAdresse : [Adresse compl\u00e8te de l&rsquo;h\u00e9bergeur]Num\u00e9ro de t\u00e9l\u00e9phone :1007 Propri\u00e9t\u00e9 intellectuelleL\u2019ensemble des contenus pr\u00e9sents sur ce site (textes, images, [&hellip;]<\/p>\n","protected":false},"author":2,"featured_media":0,"parent":0,"menu_order":0,"comment_status":"closed","ping_status":"closed","template":"","meta":{"footnotes":""},"class_list":["post-667","page","type-page","status-publish","hentry"],"yoast_head":"<!-- This site is optimized with the Yoast SEO plugin v24.9 - https:\/\/yoast.com\/wordpress\/plugins\/seo\/ -->\n<title>Mentions legales - Madame Bulter<\/title>\n<meta name=\"robots\" content=\"index, follow, max-snippet:-1, max-image-preview:large, max-video-preview:-1\" \/>\n<link rel=\"canonical\" href=\"https:\/\/madamebutler.com\/fr\/mentions-legales\/\" \/>\n<meta property=\"og:locale\" content=\"fr_FR\" \/>\n<meta property=\"og:type\" content=\"article\" \/>\n<meta property=\"og:title\" content=\"Mentions legales - Madame Bulter\" \/>\n<meta property=\"og:description\" content=\"\u00c9diteur du siteLe site madamebutler.com est \u00e9dit\u00e9 par :Nom de l&rsquo;entreprise : Ideal-ComForme juridique : ???Num\u00e9ro RCS : ???? Si\u00e8ge social :????Num\u00e9ro de TVA intracommunautaire :\u00a0 H\u00e9bergeur Le site est h\u00e9berg\u00e9 par :Nom de l&rsquo;h\u00e9bergeur : InfomaniakAdresse : [Adresse compl\u00e8te de l&rsquo;h\u00e9bergeur]Num\u00e9ro de t\u00e9l\u00e9phone :1007 Propri\u00e9t\u00e9 intellectuelleL\u2019ensemble des contenus pr\u00e9sents sur ce site (textes, images, [&hellip;]\" \/>\n<meta property=\"og:url\" content=\"https:\/\/madamebutler.com\/fr\/mentions-legales\/\" \/>\n<meta property=\"og:site_name\" content=\"Madame Bulter\" \/>\n<meta property=\"article:modified_time\" content=\"2025-02-27T15:14:01+00:00\" \/>\n<meta name=\"twitter:card\" content=\"summary_large_image\" \/>\n<meta name=\"twitter:label1\" content=\"Dur\u00e9e de lecture estim\u00e9e\" \/>\n\t<meta name=\"twitter:data1\" content=\"2 minutes\" \/>\n<script type=\"application\/ld+json\" class=\"yoast-schema-graph\">{\"@context\":\"https:\/\/schema.org\",\"@graph\":[{\"@type\":\"WebPage\",\"@id\":\"https:\/\/madamebutler.com\/fr\/mentions-legales\/\",\"url\":\"https:\/\/madamebutler.com\/fr\/mentions-legales\/\",\"name\":\"Mentions legales - Madame Bulter\",\"isPartOf\":{\"@id\":\"https:\/\/madamebutler.com\/#website\"},\"datePublished\":\"2025-02-25T08:22:57+00:00\",\"dateModified\":\"2025-02-27T15:14:01+00:00\",\"breadcrumb\":{\"@id\":\"https:\/\/madamebutler.com\/fr\/mentions-legales\/#breadcrumb\"},\"inLanguage\":\"fr-FR\",\"potentialAction\":[{\"@type\":\"ReadAction\",\"target\":[\"https:\/\/madamebutler.com\/fr\/mentions-legales\/\"]}]},{\"@type\":\"BreadcrumbList\",\"@id\":\"https:\/\/madamebutler.com\/fr\/mentions-legales\/#breadcrumb\",\"itemListElement\":[{\"@type\":\"ListItem\",\"position\":1,\"name\":\"Home\",\"item\":\"https:\/\/madamebutler.com\/fr\/\"},{\"@type\":\"ListItem\",\"position\":2,\"name\":\"Mentions legales\"}]},{\"@type\":\"WebSite\",\"@id\":\"https:\/\/madamebutler.com\/#website\",\"url\":\"https:\/\/madamebutler.com\/\",\"name\":\"Madame Bulter\",\"description\":\"Create memories\",\"publisher\":{\"@id\":\"https:\/\/madamebutler.com\/#organization\"},\"potentialAction\":[{\"@type\":\"SearchAction\",\"target\":{\"@type\":\"EntryPoint\",\"urlTemplate\":\"https:\/\/madamebutler.com\/?s={search_term_string}\"},\"query-input\":{\"@type\":\"PropertyValueSpecification\",\"valueRequired\":true,\"valueName\":\"search_term_string\"}}],\"inLanguage\":\"fr-FR\"},{\"@type\":\"Organization\",\"@id\":\"https:\/\/madamebutler.com\/#organization\",\"name\":\"Madame Bulter\",\"url\":\"https:\/\/madamebutler.com\/\",\"logo\":{\"@type\":\"ImageObject\",\"inLanguage\":\"fr-FR\",\"@id\":\"https:\/\/madamebutler.com\/#\/schema\/logo\/image\/\",\"url\":\"https:\/\/madamebutler.com\/wp-content\/uploads\/1744386570430-2.jpg\",\"contentUrl\":\"https:\/\/madamebutler.com\/wp-content\/uploads\/1744386570430-2.jpg\",\"width\":512,\"height\":512,\"caption\":\"Madame Bulter\"},\"image\":{\"@id\":\"https:\/\/madamebutler.com\/#\/schema\/logo\/image\/\"}}]}<\/script>\n<!-- \/ Yoast SEO plugin. -->","yoast_head_json":{"title":"Mentions legales - Madame Bulter","robots":{"index":"index","follow":"follow","max-snippet":"max-snippet:-1","max-image-preview":"max-image-preview:large","max-video-preview":"max-video-preview:-1"},"canonical":"https:\/\/madamebutler.com\/fr\/mentions-legales\/","og_locale":"fr_FR","og_type":"article","og_title":"Mentions legales - Madame Bulter","og_description":"\u00c9diteur du siteLe site madamebutler.com est \u00e9dit\u00e9 par :Nom de l&rsquo;entreprise : Ideal-ComForme juridique : ???Num\u00e9ro RCS : ???? Si\u00e8ge social :????Num\u00e9ro de TVA intracommunautaire :\u00a0 H\u00e9bergeur Le site est h\u00e9berg\u00e9 par :Nom de l&rsquo;h\u00e9bergeur : InfomaniakAdresse : [Adresse compl\u00e8te de l&rsquo;h\u00e9bergeur]Num\u00e9ro de t\u00e9l\u00e9phone :1007 Propri\u00e9t\u00e9 intellectuelleL\u2019ensemble des contenus pr\u00e9sents sur ce site (textes, images, [&hellip;]","og_url":"https:\/\/madamebutler.com\/fr\/mentions-legales\/","og_site_name":"Madame Bulter","article_modified_time":"2025-02-27T15:14:01+00:00","twitter_card":"summary_large_image","twitter_misc":{"Dur\u00e9e de lecture estim\u00e9e":"2 minutes"},"schema":{"@context":"https:\/\/schema.org","@graph":[{"@type":"WebPage","@id":"https:\/\/madamebutler.com\/fr\/mentions-legales\/","url":"https:\/\/madamebutler.com\/fr\/mentions-legales\/","name":"Mentions legales - Madame Bulter","isPartOf":{"@id":"https:\/\/madamebutler.com\/#website"},"datePublished":"2025-02-25T08:22:57+00:00","dateModified":"2025-02-27T15:14:01+00:00","breadcrumb":{"@id":"https:\/\/madamebutler.com\/fr\/mentions-legales\/#breadcrumb"},"inLanguage":"fr-FR","potentialAction":[{"@type":"ReadAction","target":["https:\/\/madamebutler.com\/fr\/mentions-legales\/"]}]},{"@type":"BreadcrumbList","@id":"https:\/\/madamebutler.com\/fr\/mentions-legales\/#breadcrumb","itemListElement":[{"@type":"ListItem","position":1,"name":"Home","item":"https:\/\/madamebutler.com\/fr\/"},{"@type":"ListItem","position":2,"name":"Mentions legales"}]},{"@type":"WebSite","@id":"https:\/\/madamebutler.com\/#website","url":"https:\/\/madamebutler.com\/","name":"Madame Bulter","description":"Create memories","publisher":{"@id":"https:\/\/madamebutler.com\/#organization"},"potentialAction":[{"@type":"SearchAction","target":{"@type":"EntryPoint","urlTemplate":"https:\/\/madamebutler.com\/?s={search_term_string}"},"query-input":{"@type":"PropertyValueSpecification","valueRequired":true,"valueName":"search_term_string"}}],"inLanguage":"fr-FR"},{"@type":"Organization","@id":"https:\/\/madamebutler.com\/#organization","name":"Madame Bulter","url":"https:\/\/madamebutler.com\/","logo":{"@type":"ImageObject","inLanguage":"fr-FR","@id":"https:\/\/madamebutler.com\/#\/schema\/logo\/image\/","url":"https:\/\/madamebutler.com\/wp-content\/uploads\/1744386570430-2.jpg","contentUrl":"https:\/\/madamebutler.com\/wp-content\/uploads\/1744386570430-2.jpg","width":512,"height":512,"caption":"Madame Bulter"},"image":{"@id":"https:\/\/madamebutler.com\/#\/schema\/logo\/image\/"}}]}},"_links":{"self":[{"href":"https:\/\/madamebutler.com\/fr\/wp-json\/wp\/v2\/pages\/667","targetHints":{"allow":["GET"]}}],"collection":[{"href":"https:\/\/madamebutler.com\/fr\/wp-json\/wp\/v2\/pages"}],"about":[{"href":"https:\/\/madamebutler.com\/fr\/wp-json\/wp\/v2\/types\/page"}],"author":[{"embeddable":true,"href":"https:\/\/madamebutler.com\/fr\/wp-json\/wp\/v2\/users\/2"}],"replies":[{"embeddable":true,"href":"https:\/\/madamebutler.com\/fr\/wp-json\/wp\/v2\/comments?post=667"}],"version-history":[{"count":14,"href":"https:\/\/madamebutler.com\/fr\/wp-json\/wp\/v2\/pages\/667\/revisions"}],"predecessor-version":[{"id":997,"href":"https:\/\/madamebutler.com\/fr\/wp-json\/wp\/v2\/pages\/667\/revisions\/997"}],"wp:attachment":[{"href":"https:\/\/madamebutler.com\/fr\/wp-json\/wp\/v2\/media?parent=667"}],"curies":[{"name":"wp","href":"https:\/\/api.w.org\/{rel}","templated":true}]}}