{"id":24,"date":"2025-02-20T13:39:51","date_gmt":"2025-02-20T12:39:51","guid":{"rendered":"https:\/\/kr4bm5bpekk.preview.infomaniak.website\/?page_id=24"},"modified":"2025-04-18T13:40:00","modified_gmt":"2025-04-18T11:40:00","slug":"recrutement","status":"publish","type":"page","link":"https:\/\/madamebutler.com\/fr\/recrutement\/","title":{"rendered":"Recrutement"},"content":{"rendered":"\t\t<div data-elementor-type=\"wp-page\" data-elementor-id=\"24\" class=\"elementor elementor-24\" data-elementor-post-type=\"page\">\n\t\t\t\t<div class=\"elementor-element elementor-element-1511bc1 e-flex e-con-boxed e-con e-parent\" data-id=\"1511bc1\" data-element_type=\"container\" data-settings=\"{&quot;background_background&quot;:&quot;classic&quot;}\">\n\t\t\t\t\t<div class=\"e-con-inner\">\n\t\t\t\t\t<\/div>\n\t\t\t\t<\/div>\n\t\t<div class=\"elementor-element elementor-element-af016f8 e-flex e-con-boxed e-con e-parent\" data-id=\"af016f8\" data-element_type=\"container\">\n\t\t\t\t\t<div class=\"e-con-inner\">\n\t\t\t\t<div class=\"elementor-element elementor-element-1c0925f elementor-widget elementor-widget-video\" data-id=\"1c0925f\" data-element_type=\"widget\" data-settings=\"{&quot;video_type&quot;:&quot;vimeo&quot;}\" data-widget_type=\"video.default\">\n\t\t\t\t<div class=\"elementor-widget-container\">\n\t\t\t\t\t\t\t<div class=\"elementor-wrapper elementor-open-inline\">\n\t\t\t<iframe class=\"elementor-video-iframe\" allowfullscreen allow=\"clipboard-write\" title=\"Lecteur vid\u00e9o vimeo\" src=\"https:\/\/player.vimeo.com\/video\/1072014922?color&amp;autopause=0&amp;loop=0&amp;muted=0&amp;title=1&amp;portrait=1&amp;byline=1&amp;h=0ec8556dc0#t=\"><\/iframe>\t\t<\/div>\n\t\t\t\t\t\t<\/div>\n\t\t\t\t<\/div>\n\t\t\t\t\t<\/div>\n\t\t\t\t<\/div>\n\t\t<div class=\"elementor-element elementor-element-1291c4b e-flex e-con-boxed e-con e-parent\" data-id=\"1291c4b\" data-element_type=\"container\">\n\t\t\t\t\t<div class=\"e-con-inner\">\n\t\t<div class=\"elementor-element elementor-element-b6ad3ad e-con-full e-flex e-con e-child\" data-id=\"b6ad3ad\" data-element_type=\"container\" data-settings=\"{&quot;background_background&quot;:&quot;classic&quot;}\">\n\t\t\t\t<div class=\"elementor-element elementor-element-bff14a4 elementor-widget elementor-widget-heading\" data-id=\"bff14a4\" data-element_type=\"widget\" data-widget_type=\"heading.default\">\n\t\t\t\t<div class=\"elementor-widget-container\">\n\t\t\t\t\t<h2 class=\"elementor-heading-title elementor-size-default\">madame butler<\/h2>\t\t\t\t<\/div>\n\t\t\t\t<\/div>\n\t\t\t\t<div class=\"elementor-element elementor-element-eccaaa1 elementor-widget elementor-widget-heading\" data-id=\"eccaaa1\" data-element_type=\"widget\" data-widget_type=\"heading.default\">\n\t\t\t\t<div class=\"elementor-widget-container\">\n\t\t\t\t\t<h2 class=\"elementor-heading-title elementor-size-default\">Marina, l\u2019\u00e9l\u00e9gance du geste juste.<\/h2>\t\t\t\t<\/div>\n\t\t\t\t<\/div>\n\t\t\t\t<div class=\"elementor-element elementor-element-b984a0f elementor-widget elementor-widget-text-editor\" data-id=\"b984a0f\" data-element_type=\"widget\" data-widget_type=\"text-editor.default\">\n\t\t\t\t<div class=\"elementor-widget-container\">\n\t\t\t\t\t\t\t\t\t<p>Marina, l\u2019\u00e9l\u00e9gance du geste juste.<\/p><p>Depuis pr\u00e8s de trois ans, Marina incarne avec gr\u00e2ce les piliers de Madame Butler : exigence, discr\u00e9tion, pr\u00e9cision et humanit\u00e9.<\/p><p>Rep\u00e9r\u00e9e, pr\u00e9par\u00e9e et accompagn\u00e9e avec soin par l\u2019agence, elle a su affiner son talent avec rigueur et sensibilit\u00e9.<\/p><p>Son talent ne vient pas seulement de son savoir-faire, mais de sa capacit\u00e9 \u00e0 ressentir, \u00e0 anticiper, \u00e0 cr\u00e9er du lien sans jamais s\u2019imposer.<\/p><p>Chaque geste qu\u2019elle pose est une marque d\u2019attention. Chaque d\u00e9tail, une preuve de c\u0153ur.<\/p><p>Chez Madame Butler, Marina n\u2019est pas seulement un talent.<\/p><p>Elle est une signature.<\/p>\t\t\t\t\t\t\t\t<\/div>\n\t\t\t\t<\/div>\n\t\t\t\t<div class=\"elementor-element elementor-element-3772eaa elementor-align-left elementor-widget elementor-widget-button\" data-id=\"3772eaa\" data-element_type=\"widget\" data-widget_type=\"button.default\">\n\t\t\t\t<div class=\"elementor-widget-container\">\n\t\t\t\t\t\t\t\t\t<div class=\"elementor-button-wrapper\">\n\t\t\t\t\t<a class=\"elementor-button elementor-button-link elementor-size-sm\" href=\"https:\/\/madamebutler.com\/contact\/\">\n\t\t\t\t\t\t<span class=\"elementor-button-content-wrapper\">\n\t\t\t\t\t\t\t\t\t<span class=\"elementor-button-text\">Nous contacter<\/span>\n\t\t\t\t\t<\/span>\n\t\t\t\t\t<\/a>\n\t\t\t\t<\/div>\n\t\t\t\t\t\t\t\t<\/div>\n\t\t\t\t<\/div>\n\t\t\t\t<\/div>\n\t\t\t\t<div class=\"elementor-element elementor-element-a134581 elementor-absolute elementor-widget elementor-widget-image\" data-id=\"a134581\" data-element_type=\"widget\" data-settings=\"{&quot;_position&quot;:&quot;absolute&quot;}\" data-widget_type=\"image.default\">\n\t\t\t\t<div class=\"elementor-widget-container\">\n\t\t\t\t\t\t\t\t\t\t\t\t\t\t\t<img fetchpriority=\"high\" decoding=\"async\" width=\"376\" height=\"828\" src=\"https:\/\/madamebutler.com\/wp-content\/uploads\/key-1.svg\" class=\"attachment-large size-large wp-image-713\" alt=\"\" \/>\t\t\t\t\t\t\t\t\t\t\t\t\t\t\t<\/div>\n\t\t\t\t<\/div>\n\t\t\t\t\t<\/div>\n\t\t\t\t<\/div>\n\t\t<div class=\"elementor-element elementor-element-2a92613 e-flex e-con-boxed e-con e-parent\" data-id=\"2a92613\" data-element_type=\"container\">\n\t\t\t\t\t<div class=\"e-con-inner\">\n\t\t<div class=\"elementor-element elementor-element-70100ca e-con-full e-flex e-con e-child\" data-id=\"70100ca\" data-element_type=\"container\" data-settings=\"{&quot;background_background&quot;:&quot;classic&quot;}\">\n\t\t\t\t<div class=\"elementor-element elementor-element-b9323a1 elementor-widget elementor-widget-heading\" data-id=\"b9323a1\" data-element_type=\"widget\" data-widget_type=\"heading.default\">\n\t\t\t\t<div class=\"elementor-widget-container\">\n\t\t\t\t\t<h2 class=\"elementor-heading-title elementor-size-default\">Cr\u00e9ons des escapades magiques.<\/h2>\t\t\t\t<\/div>\n\t\t\t\t<\/div>\n\t\t\t\t<div class=\"elementor-element elementor-element-0ea9410 elementor-button-align-end elementor-widget elementor-widget-form\" data-id=\"0ea9410\" data-element_type=\"widget\" data-settings=\"{&quot;step_next_label&quot;:&quot;Next&quot;,&quot;step_previous_label&quot;:&quot;Previous&quot;,&quot;button_width&quot;:&quot;100&quot;,&quot;step_type&quot;:&quot;number_text&quot;,&quot;step_icon_shape&quot;:&quot;circle&quot;}\" data-widget_type=\"form.default\">\n\t\t\t\t<div class=\"elementor-widget-container\">\n\t\t\t\t\t\t\t<form class=\"elementor-form\" method=\"post\" name=\"New Form\">\n\t\t\t<input type=\"hidden\" name=\"post_id\" value=\"24\"\/>\n\t\t\t<input type=\"hidden\" name=\"form_id\" value=\"0ea9410\"\/>\n\t\t\t<input type=\"hidden\" name=\"referer_title\" value=\"Madame Bulter\" \/>\n\n\t\t\t\n\t\t\t<div class=\"elementor-form-fields-wrapper elementor-labels-\">\n\t\t\t\t\t\t\t\t<div class=\"elementor-field-type-text elementor-field-group elementor-column elementor-field-group-name elementor-col-50 elementor-field-required\">\n\t\t\t\t\t\t\t\t\t\t\t\t<label for=\"form-field-name\" class=\"elementor-field-label elementor-screen-only\">\n\t\t\t\t\t\t\t\tNom\t\t\t\t\t\t\t<\/label>\n\t\t\t\t\t\t\t\t\t\t\t\t\t\t<input size=\"1\" type=\"text\" name=\"form_fields[name]\" id=\"form-field-name\" class=\"elementor-field elementor-size-sm  elementor-field-textual\" placeholder=\"Nom\" required=\"required\">\n\t\t\t\t\t\t\t\t\t\t\t<\/div>\n\t\t\t\t\t\t\t\t<div class=\"elementor-field-type-text elementor-field-group elementor-column elementor-field-group-field_bd7b41a elementor-col-50 elementor-field-required\">\n\t\t\t\t\t\t\t\t\t\t\t\t<label for=\"form-field-field_bd7b41a\" class=\"elementor-field-label elementor-screen-only\">\n\t\t\t\t\t\t\t\tPr\u00e9nom\t\t\t\t\t\t\t<\/label>\n\t\t\t\t\t\t\t\t\t\t\t\t\t\t<input size=\"1\" type=\"text\" name=\"form_fields[field_bd7b41a]\" id=\"form-field-field_bd7b41a\" class=\"elementor-field elementor-size-sm  elementor-field-textual\" placeholder=\"Pr\u00e9nom\" required=\"required\">\n\t\t\t\t\t\t\t\t\t\t\t<\/div>\n\t\t\t\t\t\t\t\t<div class=\"elementor-field-type-email elementor-field-group elementor-column elementor-field-group-email elementor-col-50 elementor-field-required\">\n\t\t\t\t\t\t\t\t\t\t\t\t<label for=\"form-field-email\" class=\"elementor-field-label elementor-screen-only\">\n\t\t\t\t\t\t\t\tEmail\t\t\t\t\t\t\t<\/label>\n\t\t\t\t\t\t\t\t\t\t\t\t\t\t<input size=\"1\" type=\"email\" name=\"form_fields[email]\" id=\"form-field-email\" class=\"elementor-field elementor-size-sm  elementor-field-textual\" placeholder=\"Email\" required=\"required\">\n\t\t\t\t\t\t\t\t\t\t\t<\/div>\n\t\t\t\t\t\t\t\t<div class=\"elementor-field-type-tel elementor-field-group elementor-column elementor-field-group-field_6d3fc99 elementor-col-50 elementor-field-required\">\n\t\t\t\t\t\t\t\t\t\t\t\t<label for=\"form-field-field_6d3fc99\" class=\"elementor-field-label elementor-screen-only\">\n\t\t\t\t\t\t\t\tT\u00e9l\u00e9phone\t\t\t\t\t\t\t<\/label>\n\t\t\t\t\t\t\t\t<input size=\"1\" type=\"tel\" name=\"form_fields[field_6d3fc99]\" id=\"form-field-field_6d3fc99\" class=\"elementor-field elementor-size-sm  elementor-field-textual\" placeholder=\"T\u00e9l\u00e9phone\" required=\"required\" pattern=\"[0-9()#&amp;+*-=.]+\" title=\"Only numbers and phone characters (#, -, *, etc) are accepted.\">\n\n\t\t\t\t\t\t<\/div>\n\t\t\t\t\t\t\t\t<div class=\"elementor-field-type-select elementor-field-group elementor-column elementor-field-group-message elementor-col-100 elementor-field-required\">\n\t\t\t\t\t\t\t\t\t\t\t\t<label for=\"form-field-message\" class=\"elementor-field-label elementor-screen-only\">\n\t\t\t\t\t\t\t\tObjet\t\t\t\t\t\t\t<\/label>\n\t\t\t\t\t\t\t\t<div class=\"elementor-field elementor-select-wrapper remove-before \">\n\t\t\t<div class=\"select-caret-down-wrapper\">\n\t\t\t\t<svg aria-hidden=\"true\" class=\"e-font-icon-svg e-eicon-caret-down\" viewBox=\"0 0 571.4 571.4\" xmlns=\"http:\/\/www.w3.org\/2000\/svg\"><path d=\"M571 393Q571 407 561 418L311 668Q300 679 286 679T261 668L11 418Q0 407 0 393T11 368 36 357H536Q550 357 561 368T571 393Z\"><\/path><\/svg>\t\t\t<\/div>\n\t\t\t<select name=\"form_fields[message]\" id=\"form-field-message\" class=\"elementor-field-textual elementor-size-sm\" required=\"required\">\n\t\t\t\t\t\t\t\t\t<option value=\"Dans quel domaine souhaitez-vous postuler ?\">Dans quel domaine souhaitez-vous postuler ?<\/option>\n\t\t\t\t\t\t\t\t\t<option value=\"Majordome \">Majordome <\/option>\n\t\t\t\t\t\t\t\t\t<option value=\"Gouvernant(e) de Maison\">Gouvernant(e) de Maison<\/option>\n\t\t\t\t\t\t\t\t\t<option value=\"Femme\/ Valet de chambre \">Femme\/ Valet de chambre <\/option>\n\t\t\t\t\t\t\t\t\t<option value=\"Chef priv\u00e9(e)\">Chef priv\u00e9(e)<\/option>\n\t\t\t\t\t\t\t\t\t<option value=\"Chauffeur\">Chauffeur<\/option>\n\t\t\t\t\t\t\t\t\t<option value=\"Responsable S\u00e9jour et Exp\u00e9rience Client\">Responsable S\u00e9jour et Exp\u00e9rience Client<\/option>\n\t\t\t\t\t\t\t\t\t<option value=\"Charg\u00e9(e) de Logistique &amp; Intendance\">Charg\u00e9(e) de Logistique &amp; Intendance<\/option>\n\t\t\t\t\t\t\t\t\t<option value=\"Responsable des Talents &amp; Formation\">Responsable des Talents &amp; Formation<\/option>\n\t\t\t\t\t\t\t<\/select>\n\t\t<\/div>\n\t\t\t\t\t\t<\/div>\n\t\t\t\t\t\t\t\t<div class=\"elementor-field-type-textarea elementor-field-group elementor-column elementor-field-group-field_7875a95 elementor-col-100\">\n\t\t\t\t\t\t\t\t\t\t\t\t<label for=\"form-field-field_7875a95\" class=\"elementor-field-label elementor-screen-only\">\n\t\t\t\t\t\t\t\tMessage\t\t\t\t\t\t\t<\/label>\n\t\t\t\t\t\t<textarea class=\"elementor-field-textual elementor-field  elementor-size-sm\" name=\"form_fields[field_7875a95]\" id=\"form-field-field_7875a95\" rows=\"3\" placeholder=\"Message\"><\/textarea>\t\t\t\t<\/div>\n\t\t\t\t\t\t\t\t<div class=\"elementor-field-type-html elementor-field-group elementor-column elementor-field-group-field_7ddbe09 elementor-col-50\">\n\t\t\t\t\tCV & Lettre de Motivation\t\t\t\t<\/div>\n\t\t\t\t\t\t\t\t<div class=\"elementor-field-type-upload elementor-field-group elementor-column elementor-field-group-field_fe2d850 elementor-col-50\">\n\t\t\t\t\t\t\t\t\t\t\t\t<label for=\"form-field-field_fe2d850\" class=\"elementor-field-label elementor-screen-only\">\n\t\t\t\t\t\t\t\tCV & Lettre de Motivation\t\t\t\t\t\t\t<\/label>\n\t\t\t\t\t\t\t\t<input type=\"file\" name=\"form_fields[field_fe2d850]\" id=\"form-field-field_fe2d850\" class=\"elementor-field elementor-size-sm  elementor-upload-field\" data-maxsize=\"10\" data-maxsize-message=\"This file exceeds the maximum allowed size.\">\n\n\t\t\t\t\t\t<\/div>\n\t\t\t\t\t\t\t\t<div class=\"elementor-field-type-recaptcha_v3 elementor-field-group elementor-column elementor-field-group-field_1e5eb95 elementor-col-100 recaptcha_v3-bottomright\">\n\t\t\t\t\t<div class=\"elementor-field\" id=\"form-field-field_1e5eb95\"><div class=\"elementor-g-recaptcha\" data-sitekey=\"6Lf0XyArAAAAABtsISDjBSqhNsRwzHWWoL9GfyO2\" data-type=\"v3\" data-action=\"Form\" data-badge=\"bottomright\" data-size=\"invisible\"><\/div><\/div>\t\t\t\t<\/div>\n\t\t\t\t\t\t\t\t<div class=\"elementor-field-group elementor-column elementor-field-type-submit elementor-col-100 e-form__buttons\">\n\t\t\t\t\t<button class=\"elementor-button elementor-size-sm\" type=\"submit\">\n\t\t\t\t\t\t<span class=\"elementor-button-content-wrapper\">\n\t\t\t\t\t\t\t\t\t\t\t\t\t\t\t\t\t\t\t\t\t\t<span class=\"elementor-button-text\">Envoyer ma candidature<\/span>\n\t\t\t\t\t\t\t\t\t\t\t\t\t<\/span>\n\t\t\t\t\t<\/button>\n\t\t\t\t<\/div>\n\t\t\t<\/div>\n\t\t<\/form>\n\t\t\t\t\t\t<\/div>\n\t\t\t\t<\/div>\n\t\t\t\t<\/div>\n\t\t\t\t\t<\/div>\n\t\t\t\t<\/div>\n\t\t\t\t<\/div>\n\t\t","protected":false},"excerpt":{"rendered":"<p>madame butler Marina, l\u2019\u00e9l\u00e9gance du geste juste. Marina, l\u2019\u00e9l\u00e9gance du geste juste. Depuis pr\u00e8s de trois ans, Marina incarne avec gr\u00e2ce les piliers de Madame Butler : exigence, discr\u00e9tion, pr\u00e9cision et humanit\u00e9. Rep\u00e9r\u00e9e, pr\u00e9par\u00e9e et accompagn\u00e9e avec soin par l\u2019agence, elle a su affiner son talent avec rigueur et sensibilit\u00e9. Son talent ne vient pas [&hellip;]<\/p>\n","protected":false},"author":2,"featured_media":0,"parent":0,"menu_order":0,"comment_status":"closed","ping_status":"closed","template":"","meta":{"footnotes":""},"class_list":["post-24","page","type-page","status-publish","hentry"],"yoast_head":"<!-- This site is optimized with the Yoast SEO plugin v24.9 - https:\/\/yoast.com\/wordpress\/plugins\/seo\/ -->\n<title>Recrutement - Madame Bulter<\/title>\n<meta name=\"robots\" content=\"index, follow, max-snippet:-1, max-image-preview:large, max-video-preview:-1\" \/>\n<link rel=\"canonical\" href=\"https:\/\/madamebutler.com\/fr\/recrutement\/\" \/>\n<meta property=\"og:locale\" content=\"fr_FR\" \/>\n<meta property=\"og:type\" content=\"article\" \/>\n<meta property=\"og:title\" content=\"Recrutement - Madame Bulter\" \/>\n<meta property=\"og:description\" content=\"madame butler Marina, l\u2019\u00e9l\u00e9gance du geste juste. Marina, l\u2019\u00e9l\u00e9gance du geste juste. Depuis pr\u00e8s de trois ans, Marina incarne avec gr\u00e2ce les piliers de Madame Butler : exigence, discr\u00e9tion, pr\u00e9cision et humanit\u00e9. Rep\u00e9r\u00e9e, pr\u00e9par\u00e9e et accompagn\u00e9e avec soin par l\u2019agence, elle a su affiner son talent avec rigueur et sensibilit\u00e9. Son talent ne vient pas [&hellip;]\" \/>\n<meta property=\"og:url\" content=\"https:\/\/madamebutler.com\/fr\/recrutement\/\" \/>\n<meta property=\"og:site_name\" content=\"Madame Bulter\" \/>\n<meta property=\"article:modified_time\" content=\"2025-04-18T11:40:00+00:00\" \/>\n<meta property=\"og:image\" content=\"https:\/\/madamebutler.com\/wp-content\/uploads\/key-1.svg\" \/>\n<meta name=\"twitter:card\" content=\"summary_large_image\" \/>\n<meta name=\"twitter:label1\" content=\"Dur\u00e9e de lecture estim\u00e9e\" \/>\n\t<meta name=\"twitter:data1\" content=\"1 minute\" \/>\n<script type=\"application\/ld+json\" class=\"yoast-schema-graph\">{\"@context\":\"https:\/\/schema.org\",\"@graph\":[{\"@type\":\"WebPage\",\"@id\":\"https:\/\/madamebutler.com\/fr\/recrutement\/\",\"url\":\"https:\/\/madamebutler.com\/fr\/recrutement\/\",\"name\":\"Recrutement - Madame Bulter\",\"isPartOf\":{\"@id\":\"https:\/\/madamebutler.com\/#website\"},\"primaryImageOfPage\":{\"@id\":\"https:\/\/madamebutler.com\/fr\/recrutement\/#primaryimage\"},\"image\":{\"@id\":\"https:\/\/madamebutler.com\/fr\/recrutement\/#primaryimage\"},\"thumbnailUrl\":\"https:\/\/madamebutler.com\/wp-content\/uploads\/key-1.svg\",\"datePublished\":\"2025-02-20T12:39:51+00:00\",\"dateModified\":\"2025-04-18T11:40:00+00:00\",\"breadcrumb\":{\"@id\":\"https:\/\/madamebutler.com\/fr\/recrutement\/#breadcrumb\"},\"inLanguage\":\"fr-FR\",\"potentialAction\":[{\"@type\":\"ReadAction\",\"target\":[\"https:\/\/madamebutler.com\/fr\/recrutement\/\"]}]},{\"@type\":\"ImageObject\",\"inLanguage\":\"fr-FR\",\"@id\":\"https:\/\/madamebutler.com\/fr\/recrutement\/#primaryimage\",\"url\":\"https:\/\/madamebutler.com\/wp-content\/uploads\/key-1.svg\",\"contentUrl\":\"https:\/\/madamebutler.com\/wp-content\/uploads\/key-1.svg\"},{\"@type\":\"BreadcrumbList\",\"@id\":\"https:\/\/madamebutler.com\/fr\/recrutement\/#breadcrumb\",\"itemListElement\":[{\"@type\":\"ListItem\",\"position\":1,\"name\":\"Home\",\"item\":\"https:\/\/madamebutler.com\/fr\/\"},{\"@type\":\"ListItem\",\"position\":2,\"name\":\"Recrutement\"}]},{\"@type\":\"WebSite\",\"@id\":\"https:\/\/madamebutler.com\/#website\",\"url\":\"https:\/\/madamebutler.com\/\",\"name\":\"Madame Bulter\",\"description\":\"Create memories\",\"publisher\":{\"@id\":\"https:\/\/madamebutler.com\/#organization\"},\"potentialAction\":[{\"@type\":\"SearchAction\",\"target\":{\"@type\":\"EntryPoint\",\"urlTemplate\":\"https:\/\/madamebutler.com\/?s={search_term_string}\"},\"query-input\":{\"@type\":\"PropertyValueSpecification\",\"valueRequired\":true,\"valueName\":\"search_term_string\"}}],\"inLanguage\":\"fr-FR\"},{\"@type\":\"Organization\",\"@id\":\"https:\/\/madamebutler.com\/#organization\",\"name\":\"Madame Bulter\",\"url\":\"https:\/\/madamebutler.com\/\",\"logo\":{\"@type\":\"ImageObject\",\"inLanguage\":\"fr-FR\",\"@id\":\"https:\/\/madamebutler.com\/#\/schema\/logo\/image\/\",\"url\":\"https:\/\/madamebutler.com\/wp-content\/uploads\/1744386570430-2.jpg\",\"contentUrl\":\"https:\/\/madamebutler.com\/wp-content\/uploads\/1744386570430-2.jpg\",\"width\":512,\"height\":512,\"caption\":\"Madame Bulter\"},\"image\":{\"@id\":\"https:\/\/madamebutler.com\/#\/schema\/logo\/image\/\"}}]}<\/script>\n<!-- \/ Yoast SEO plugin. -->","yoast_head_json":{"title":"Recrutement - Madame Bulter","robots":{"index":"index","follow":"follow","max-snippet":"max-snippet:-1","max-image-preview":"max-image-preview:large","max-video-preview":"max-video-preview:-1"},"canonical":"https:\/\/madamebutler.com\/fr\/recrutement\/","og_locale":"fr_FR","og_type":"article","og_title":"Recrutement - Madame Bulter","og_description":"madame butler Marina, l\u2019\u00e9l\u00e9gance du geste juste. Marina, l\u2019\u00e9l\u00e9gance du geste juste. Depuis pr\u00e8s de trois ans, Marina incarne avec gr\u00e2ce les piliers de Madame Butler : exigence, discr\u00e9tion, pr\u00e9cision et humanit\u00e9. Rep\u00e9r\u00e9e, pr\u00e9par\u00e9e et accompagn\u00e9e avec soin par l\u2019agence, elle a su affiner son talent avec rigueur et sensibilit\u00e9. Son talent ne vient pas [&hellip;]","og_url":"https:\/\/madamebutler.com\/fr\/recrutement\/","og_site_name":"Madame Bulter","article_modified_time":"2025-04-18T11:40:00+00:00","og_image":[{"url":"https:\/\/madamebutler.com\/wp-content\/uploads\/key-1.svg","type":"","width":"","height":""}],"twitter_card":"summary_large_image","twitter_misc":{"Dur\u00e9e de lecture estim\u00e9e":"1 minute"},"schema":{"@context":"https:\/\/schema.org","@graph":[{"@type":"WebPage","@id":"https:\/\/madamebutler.com\/fr\/recrutement\/","url":"https:\/\/madamebutler.com\/fr\/recrutement\/","name":"Recrutement - Madame Bulter","isPartOf":{"@id":"https:\/\/madamebutler.com\/#website"},"primaryImageOfPage":{"@id":"https:\/\/madamebutler.com\/fr\/recrutement\/#primaryimage"},"image":{"@id":"https:\/\/madamebutler.com\/fr\/recrutement\/#primaryimage"},"thumbnailUrl":"https:\/\/madamebutler.com\/wp-content\/uploads\/key-1.svg","datePublished":"2025-02-20T12:39:51+00:00","dateModified":"2025-04-18T11:40:00+00:00","breadcrumb":{"@id":"https:\/\/madamebutler.com\/fr\/recrutement\/#breadcrumb"},"inLanguage":"fr-FR","potentialAction":[{"@type":"ReadAction","target":["https:\/\/madamebutler.com\/fr\/recrutement\/"]}]},{"@type":"ImageObject","inLanguage":"fr-FR","@id":"https:\/\/madamebutler.com\/fr\/recrutement\/#primaryimage","url":"https:\/\/madamebutler.com\/wp-content\/uploads\/key-1.svg","contentUrl":"https:\/\/madamebutler.com\/wp-content\/uploads\/key-1.svg"},{"@type":"BreadcrumbList","@id":"https:\/\/madamebutler.com\/fr\/recrutement\/#breadcrumb","itemListElement":[{"@type":"ListItem","position":1,"name":"Home","item":"https:\/\/madamebutler.com\/fr\/"},{"@type":"ListItem","position":2,"name":"Recrutement"}]},{"@type":"WebSite","@id":"https:\/\/madamebutler.com\/#website","url":"https:\/\/madamebutler.com\/","name":"Madame Bulter","description":"Create memories","publisher":{"@id":"https:\/\/madamebutler.com\/#organization"},"potentialAction":[{"@type":"SearchAction","target":{"@type":"EntryPoint","urlTemplate":"https:\/\/madamebutler.com\/?s={search_term_string}"},"query-input":{"@type":"PropertyValueSpecification","valueRequired":true,"valueName":"search_term_string"}}],"inLanguage":"fr-FR"},{"@type":"Organization","@id":"https:\/\/madamebutler.com\/#organization","name":"Madame Bulter","url":"https:\/\/madamebutler.com\/","logo":{"@type":"ImageObject","inLanguage":"fr-FR","@id":"https:\/\/madamebutler.com\/#\/schema\/logo\/image\/","url":"https:\/\/madamebutler.com\/wp-content\/uploads\/1744386570430-2.jpg","contentUrl":"https:\/\/madamebutler.com\/wp-content\/uploads\/1744386570430-2.jpg","width":512,"height":512,"caption":"Madame Bulter"},"image":{"@id":"https:\/\/madamebutler.com\/#\/schema\/logo\/image\/"}}]}},"_links":{"self":[{"href":"https:\/\/madamebutler.com\/fr\/wp-json\/wp\/v2\/pages\/24","targetHints":{"allow":["GET"]}}],"collection":[{"href":"https:\/\/madamebutler.com\/fr\/wp-json\/wp\/v2\/pages"}],"about":[{"href":"https:\/\/madamebutler.com\/fr\/wp-json\/wp\/v2\/types\/page"}],"author":[{"embeddable":true,"href":"https:\/\/madamebutler.com\/fr\/wp-json\/wp\/v2\/users\/2"}],"replies":[{"embeddable":true,"href":"https:\/\/madamebutler.com\/fr\/wp-json\/wp\/v2\/comments?post=24"}],"version-history":[{"count":73,"href":"https:\/\/madamebutler.com\/fr\/wp-json\/wp\/v2\/pages\/24\/revisions"}],"predecessor-version":[{"id":1674,"href":"https:\/\/madamebutler.com\/fr\/wp-json\/wp\/v2\/pages\/24\/revisions\/1674"}],"wp:attachment":[{"href":"https:\/\/madamebutler.com\/fr\/wp-json\/wp\/v2\/media?parent=24"}],"curies":[{"name":"wp","href":"https:\/\/api.w.org\/{rel}","templated":true}]}}