{"id":22,"date":"2025-02-20T13:39:37","date_gmt":"2025-02-20T12:39:37","guid":{"rendered":"https:\/\/kr4bm5bpekk.preview.infomaniak.website\/?page_id=22"},"modified":"2025-02-26T23:05:42","modified_gmt":"2025-02-26T22:05:42","slug":"blog","status":"publish","type":"page","link":"https:\/\/madamebutler.com\/fr\/blog\/","title":{"rendered":"Blog"},"content":{"rendered":"\t\t<div data-elementor-type=\"wp-page\" data-elementor-id=\"22\" class=\"elementor elementor-22\" data-elementor-post-type=\"page\">\n\t\t\t\t<div class=\"elementor-element elementor-element-f876e26 e-flex e-con-boxed e-con e-parent\" data-id=\"f876e26\" data-element_type=\"container\" data-settings=\"{&quot;background_background&quot;:&quot;classic&quot;}\">\n\t\t\t\t\t<div class=\"e-con-inner\">\n\t\t\t\t\t<\/div>\n\t\t\t\t<\/div>\n\t\t<div class=\"elementor-element elementor-element-d7aa3e4 e-flex e-con-boxed e-con e-parent\" data-id=\"d7aa3e4\" data-element_type=\"container\">\n\t\t\t\t\t<div class=\"e-con-inner\">\n\t\t<div class=\"elementor-element elementor-element-a2ebefb e-con-full e-flex e-con e-child\" data-id=\"a2ebefb\" data-element_type=\"container\">\n\t\t\t\t<div class=\"elementor-element elementor-element-e73372f elementor-widget elementor-widget-heading\" data-id=\"e73372f\" data-element_type=\"widget\" data-widget_type=\"heading.default\">\n\t\t\t\t<div class=\"elementor-widget-container\">\n\t\t\t\t\t<h2 class=\"elementor-heading-title elementor-size-default\">Nos Derniers Articles<\/h2>\t\t\t\t<\/div>\n\t\t\t\t<\/div>\n\t\t\t\t<div class=\"elementor-element elementor-element-5449ce7 elementor-widget elementor-widget-text-editor\" data-id=\"5449ce7\" data-element_type=\"widget\" data-widget_type=\"text-editor.default\">\n\t\t\t\t<div class=\"elementor-widget-container\">\n\t\t\t\t\t\t\t\t\t<p>Lisez nos derni\u00e8res actualit\u00e9s &amp; recommandations<\/p>\t\t\t\t\t\t\t\t<\/div>\n\t\t\t\t<\/div>\n\t\t\t\t<div class=\"elementor-element elementor-element-38d7d50 elementor-grid-2 elementor-grid-tablet-2 elementor-grid-mobile-1 elementor-widget elementor-widget-loop-grid\" data-id=\"38d7d50\" data-element_type=\"widget\" data-settings=\"{&quot;template_id&quot;:442,&quot;columns&quot;:2,&quot;pagination_type&quot;:&quot;load_more_on_click&quot;,&quot;_skin&quot;:&quot;post&quot;,&quot;columns_tablet&quot;:&quot;2&quot;,&quot;columns_mobile&quot;:&quot;1&quot;,&quot;edit_handle_selector&quot;:&quot;[data-elementor-type=\\&quot;loop-item\\&quot;]&quot;,&quot;load_more_spinner&quot;:{&quot;value&quot;:&quot;fas fa-spinner&quot;,&quot;library&quot;:&quot;fa-solid&quot;},&quot;row_gap&quot;:{&quot;unit&quot;:&quot;px&quot;,&quot;size&quot;:&quot;&quot;,&quot;sizes&quot;:[]},&quot;row_gap_tablet&quot;:{&quot;unit&quot;:&quot;px&quot;,&quot;size&quot;:&quot;&quot;,&quot;sizes&quot;:[]},&quot;row_gap_mobile&quot;:{&quot;unit&quot;:&quot;px&quot;,&quot;size&quot;:&quot;&quot;,&quot;sizes&quot;:[]}}\" data-widget_type=\"loop-grid.post\">\n\t\t\t\t<div class=\"elementor-widget-container\">\n\t\t\t\t\t\t\t<div class=\"elementor-loop-container elementor-grid\">\n\t\t<style id=\"loop-442\">.elementor-442 .elementor-element.elementor-element-62ff3bc{--display:flex;--min-height:520px;--flex-direction:column;--container-widget-width:100%;--container-widget-height:initial;--container-widget-flex-grow:0;--container-widget-align-self:initial;--flex-wrap-mobile:wrap;--justify-content:flex-end;--overflow:hidden;--overlay-opacity:0.2;--padding-top:0px;--padding-bottom:0px;--padding-left:0px;--padding-right:0px;}.elementor-442 .elementor-element.elementor-element-62ff3bc::before, .elementor-442 .elementor-element.elementor-element-62ff3bc > .elementor-background-video-container::before, .elementor-442 .elementor-element.elementor-element-62ff3bc > .e-con-inner > .elementor-background-video-container::before, .elementor-442 .elementor-element.elementor-element-62ff3bc > .elementor-background-slideshow::before, .elementor-442 .elementor-element.elementor-element-62ff3bc > .e-con-inner > .elementor-background-slideshow::before, .elementor-442 .elementor-element.elementor-element-62ff3bc > .elementor-motion-effects-container > .elementor-motion-effects-layer::before{background-color:#000000;--background-overlay:'';}.elementor-442 .elementor-element.elementor-element-3966294 img{height:520px;object-fit:cover;object-position:center center;filter:brightness( 82% ) contrast( 100% ) saturate( 100% ) blur( 0px ) hue-rotate( 0deg );}body:not(.rtl) .elementor-442 .elementor-element.elementor-element-3a31f0c{left:20px;}body.rtl .elementor-442 .elementor-element.elementor-element-3a31f0c{right:20px;}.elementor-442 .elementor-element.elementor-element-3a31f0c{top:369px;}.elementor-442 .elementor-element.elementor-element-b7e12fd > .elementor-widget-container{margin:0px 20px 0px 0px;}body:not(.rtl) .elementor-442 .elementor-element.elementor-element-b7e12fd{left:20px;}body.rtl .elementor-442 .elementor-element.elementor-element-b7e12fd{right:20px;}.elementor-442 .elementor-element.elementor-element-b7e12fd{top:420px;}.elementor-442 .elementor-element.elementor-element-b7e12fd .elementor-heading-title{font-size:24px;color:var( --e-global-color-text );}\/* Start custom CSS for container, class: .elementor-element-62ff3bc *\/.image-card img \r\n{ -webkit-transition: 0.4s ease; transition: 0.4s ease; } \r\n\r\n.image-card:hover img \r\n{ \r\n-webkit-transform: scale(1.08); \r\ntransform: scale(1.08);\r\n}\/* End custom CSS *\/<\/style>\t\t<div data-elementor-type=\"loop-item\" data-elementor-id=\"442\" class=\"elementor elementor-442 e-loop-item e-loop-item-902 post-902 post type-post status-publish format-standard has-post-thumbnail hentry category-actualites\" data-elementor-post-type=\"elementor_library\" data-custom-edit-handle=\"1\">\n\t\t\t<div class=\"elementor-element elementor-element-62ff3bc image-card e-flex e-con-boxed e-con e-parent\" data-id=\"62ff3bc\" data-element_type=\"container\" data-settings=\"{&quot;background_background&quot;:&quot;classic&quot;}\">\n\t\t\t\t\t<div class=\"e-con-inner\">\n\t\t\t\t<div class=\"elementor-element elementor-element-3966294 elementor-widget elementor-widget-image\" data-id=\"3966294\" data-element_type=\"widget\" data-widget_type=\"image.default\">\n\t\t\t\t<div class=\"elementor-widget-container\">\n\t\t\t\t\t\t\t\t\t\t\t\t\t\t\t<img fetchpriority=\"high\" decoding=\"async\" width=\"800\" height=\"534\" src=\"https:\/\/madamebutler.com\/wp-content\/uploads\/Rectangle-37-1024x683.jpg\" class=\"attachment-large size-large wp-image-177\" alt=\"\" srcset=\"https:\/\/madamebutler.com\/wp-content\/uploads\/Rectangle-37-1024x683.jpg 1024w, https:\/\/madamebutler.com\/wp-content\/uploads\/Rectangle-37-300x200.jpg 300w, https:\/\/madamebutler.com\/wp-content\/uploads\/Rectangle-37-768x512.jpg 768w, https:\/\/madamebutler.com\/wp-content\/uploads\/Rectangle-37-1536x1024.jpg 1536w, https:\/\/madamebutler.com\/wp-content\/uploads\/Rectangle-37.jpg 1620w\" sizes=\"(max-width: 800px) 100vw, 800px\" \/>\t\t\t\t\t\t\t\t\t\t\t\t\t\t\t<\/div>\n\t\t\t\t<\/div>\n\t\t\t\t<div class=\"elementor-element elementor-element-3a31f0c elementor-absolute elementor-widget elementor-widget-shortcode\" data-id=\"3a31f0c\" data-element_type=\"widget\" data-settings=\"{&quot;_position&quot;:&quot;absolute&quot;}\" data-widget_type=\"shortcode.default\">\n\t\t\t\t<div class=\"elementor-widget-container\">\n\t\t\t\t\t\t\t<div class=\"elementor-shortcode\"><div class=\"categories-horizontal\"><span class=\"category-item\">Actualit\u00e9s<\/span><\/div><\/div>\n\t\t\t\t\t\t<\/div>\n\t\t\t\t<\/div>\n\t\t\t\t<div class=\"elementor-element elementor-element-b7e12fd elementor-absolute elementor-widget elementor-widget-theme-post-title elementor-page-title elementor-widget-heading\" data-id=\"b7e12fd\" data-element_type=\"widget\" data-settings=\"{&quot;_position&quot;:&quot;absolute&quot;}\" data-widget_type=\"theme-post-title.default\">\n\t\t\t\t<div class=\"elementor-widget-container\">\n\t\t\t\t\t<h2 class=\"elementor-heading-title elementor-size-default\"><a href=\"https:\/\/madamebutler.com\/fr\/2025\/02\/27\/article-title-article-title-article-title-article-title-article-title-article-title-article-title-copy-2\/\">Article title article title article title article title article title article title article title Copy<\/a><\/h2>\t\t\t\t<\/div>\n\t\t\t\t<\/div>\n\t\t\t\t\t<\/div>\n\t\t\t\t<\/div>\n\t\t\t\t<\/div>\n\t\t\t\t<div data-elementor-type=\"loop-item\" data-elementor-id=\"442\" class=\"elementor elementor-442 e-loop-item e-loop-item-901 post-901 post type-post status-publish format-standard has-post-thumbnail hentry category-actualites\" data-elementor-post-type=\"elementor_library\" data-custom-edit-handle=\"1\">\n\t\t\t<div class=\"elementor-element elementor-element-62ff3bc image-card e-flex e-con-boxed e-con e-parent\" data-id=\"62ff3bc\" data-element_type=\"container\" data-settings=\"{&quot;background_background&quot;:&quot;classic&quot;}\">\n\t\t\t\t\t<div class=\"e-con-inner\">\n\t\t\t\t<div class=\"elementor-element elementor-element-3966294 elementor-widget elementor-widget-image\" data-id=\"3966294\" data-element_type=\"widget\" data-widget_type=\"image.default\">\n\t\t\t\t<div class=\"elementor-widget-container\">\n\t\t\t\t\t\t\t\t\t\t\t\t\t\t\t<img fetchpriority=\"high\" decoding=\"async\" width=\"800\" height=\"534\" src=\"https:\/\/madamebutler.com\/wp-content\/uploads\/Rectangle-37-1024x683.jpg\" class=\"attachment-large size-large wp-image-177\" alt=\"\" srcset=\"https:\/\/madamebutler.com\/wp-content\/uploads\/Rectangle-37-1024x683.jpg 1024w, https:\/\/madamebutler.com\/wp-content\/uploads\/Rectangle-37-300x200.jpg 300w, https:\/\/madamebutler.com\/wp-content\/uploads\/Rectangle-37-768x512.jpg 768w, https:\/\/madamebutler.com\/wp-content\/uploads\/Rectangle-37-1536x1024.jpg 1536w, https:\/\/madamebutler.com\/wp-content\/uploads\/Rectangle-37.jpg 1620w\" sizes=\"(max-width: 800px) 100vw, 800px\" \/>\t\t\t\t\t\t\t\t\t\t\t\t\t\t\t<\/div>\n\t\t\t\t<\/div>\n\t\t\t\t<div class=\"elementor-element elementor-element-3a31f0c elementor-absolute elementor-widget elementor-widget-shortcode\" data-id=\"3a31f0c\" data-element_type=\"widget\" data-settings=\"{&quot;_position&quot;:&quot;absolute&quot;}\" data-widget_type=\"shortcode.default\">\n\t\t\t\t<div class=\"elementor-widget-container\">\n\t\t\t\t\t\t\t<div class=\"elementor-shortcode\"><div class=\"categories-horizontal\"><span class=\"category-item\">Actualit\u00e9s<\/span><\/div><\/div>\n\t\t\t\t\t\t<\/div>\n\t\t\t\t<\/div>\n\t\t\t\t<div class=\"elementor-element elementor-element-b7e12fd elementor-absolute elementor-widget elementor-widget-theme-post-title elementor-page-title elementor-widget-heading\" data-id=\"b7e12fd\" data-element_type=\"widget\" data-settings=\"{&quot;_position&quot;:&quot;absolute&quot;}\" data-widget_type=\"theme-post-title.default\">\n\t\t\t\t<div class=\"elementor-widget-container\">\n\t\t\t\t\t<h2 class=\"elementor-heading-title elementor-size-default\"><a href=\"https:\/\/madamebutler.com\/fr\/2025\/02\/27\/article-title-article-title-article-title-article-title-article-title-article-title-article-title-copy\/\">Article title article title article title article title article title article title article title<\/a><\/h2>\t\t\t\t<\/div>\n\t\t\t\t<\/div>\n\t\t\t\t\t<\/div>\n\t\t\t\t<\/div>\n\t\t\t\t<\/div>\n\t\t\t\t<div data-elementor-type=\"loop-item\" data-elementor-id=\"442\" class=\"elementor elementor-442 e-loop-item e-loop-item-171 post-171 post type-post status-publish format-standard has-post-thumbnail hentry category-actualites\" data-elementor-post-type=\"elementor_library\" data-custom-edit-handle=\"1\">\n\t\t\t<div class=\"elementor-element elementor-element-62ff3bc image-card e-flex e-con-boxed e-con e-parent\" data-id=\"62ff3bc\" data-element_type=\"container\" data-settings=\"{&quot;background_background&quot;:&quot;classic&quot;}\">\n\t\t\t\t\t<div class=\"e-con-inner\">\n\t\t\t\t<div class=\"elementor-element elementor-element-3966294 elementor-widget elementor-widget-image\" data-id=\"3966294\" data-element_type=\"widget\" data-widget_type=\"image.default\">\n\t\t\t\t<div class=\"elementor-widget-container\">\n\t\t\t\t\t\t\t\t\t\t\t\t\t\t\t<img fetchpriority=\"high\" decoding=\"async\" width=\"800\" height=\"534\" src=\"https:\/\/madamebutler.com\/wp-content\/uploads\/Rectangle-37-1024x683.jpg\" class=\"attachment-large size-large wp-image-177\" alt=\"\" srcset=\"https:\/\/madamebutler.com\/wp-content\/uploads\/Rectangle-37-1024x683.jpg 1024w, https:\/\/madamebutler.com\/wp-content\/uploads\/Rectangle-37-300x200.jpg 300w, https:\/\/madamebutler.com\/wp-content\/uploads\/Rectangle-37-768x512.jpg 768w, https:\/\/madamebutler.com\/wp-content\/uploads\/Rectangle-37-1536x1024.jpg 1536w, https:\/\/madamebutler.com\/wp-content\/uploads\/Rectangle-37.jpg 1620w\" sizes=\"(max-width: 800px) 100vw, 800px\" \/>\t\t\t\t\t\t\t\t\t\t\t\t\t\t\t<\/div>\n\t\t\t\t<\/div>\n\t\t\t\t<div class=\"elementor-element elementor-element-3a31f0c elementor-absolute elementor-widget elementor-widget-shortcode\" data-id=\"3a31f0c\" data-element_type=\"widget\" data-settings=\"{&quot;_position&quot;:&quot;absolute&quot;}\" data-widget_type=\"shortcode.default\">\n\t\t\t\t<div class=\"elementor-widget-container\">\n\t\t\t\t\t\t\t<div class=\"elementor-shortcode\"><div class=\"categories-horizontal\"><span class=\"category-item\">Actualit\u00e9s<\/span><\/div><\/div>\n\t\t\t\t\t\t<\/div>\n\t\t\t\t<\/div>\n\t\t\t\t<div class=\"elementor-element elementor-element-b7e12fd elementor-absolute elementor-widget elementor-widget-theme-post-title elementor-page-title elementor-widget-heading\" data-id=\"b7e12fd\" data-element_type=\"widget\" data-settings=\"{&quot;_position&quot;:&quot;absolute&quot;}\" data-widget_type=\"theme-post-title.default\">\n\t\t\t\t<div class=\"elementor-widget-container\">\n\t\t\t\t\t<h2 class=\"elementor-heading-title elementor-size-default\"><a href=\"https:\/\/madamebutler.com\/fr\/2025\/02\/20\/article-title-article-title-article-title-article-title-article-title-article-title-article-title\/\">Article title article title article title article title article title article title article title<\/a><\/h2>\t\t\t\t<\/div>\n\t\t\t\t<\/div>\n\t\t\t\t\t<\/div>\n\t\t\t\t<\/div>\n\t\t\t\t<\/div>\n\t\t\t\t<\/div>\n\t\t\t\t\t<span class=\"e-load-more-spinner\">\n\t\t\t\t<svg aria-hidden=\"true\" class=\"e-font-icon-svg e-fas-spinner\" viewBox=\"0 0 512 512\" xmlns=\"http:\/\/www.w3.org\/2000\/svg\"><path d=\"M304 48c0 26.51-21.49 48-48 48s-48-21.49-48-48 21.49-48 48-48 48 21.49 48 48zm-48 368c-26.51 0-48 21.49-48 48s21.49 48 48 48 48-21.49 48-48-21.49-48-48-48zm208-208c-26.51 0-48 21.49-48 48s21.49 48 48 48 48-21.49 48-48-21.49-48-48-48zM96 256c0-26.51-21.49-48-48-48S0 229.49 0 256s21.49 48 48 48 48-21.49 48-48zm12.922 99.078c-26.51 0-48 21.49-48 48s21.49 48 48 48 48-21.49 48-48c0-26.509-21.491-48-48-48zm294.156 0c-26.51 0-48 21.49-48 48s21.49 48 48 48 48-21.49 48-48c0-26.509-21.49-48-48-48zM108.922 60.922c-26.51 0-48 21.49-48 48s21.49 48 48 48 48-21.49 48-48-21.491-48-48-48z\"><\/path><\/svg>\t\t\t<\/span>\n\t\t\n\t\t\t\t\t\t<\/div>\n\t\t\t\t<\/div>\n\t\t\t\t<\/div>\n\t\t<div class=\"elementor-element elementor-element-c44d628 e-con-full e-flex e-con e-child\" data-id=\"c44d628\" data-element_type=\"container\">\n\t\t<div class=\"elementor-element elementor-element-9234277 e-con-full e-flex e-con e-child\" data-id=\"9234277\" data-element_type=\"container\" data-settings=\"{&quot;background_background&quot;:&quot;classic&quot;}\">\n\t\t\t\t<div class=\"elementor-element elementor-element-46380a2 elementor-widget elementor-widget-search\" data-id=\"46380a2\" data-element_type=\"widget\" data-settings=\"{&quot;submit_trigger&quot;:&quot;click_submit&quot;,&quot;pagination_type_options&quot;:&quot;none&quot;}\" data-widget_type=\"search.default\">\n\t\t\t\t<div class=\"elementor-widget-container\">\n\t\t\t\t\t\t\t<search class=\"e-search hidden\" role=\"search\">\n\t\t\t<form class=\"e-search-form\" action=\"https:\/\/madamebutler.com\/fr\/\" method=\"get\">\n\n\t\t\t\t\n\t\t\t\t<label class=\"e-search-label\" for=\"search-46380a2\">\n\t\t\t\t\t<span class=\"elementor-screen-only\">\n\t\t\t\t\t\tSearch\t\t\t\t\t<\/span>\n\t\t\t\t\t\t\t\t\t<\/label>\n\n\t\t\t\t<div class=\"e-search-input-wrapper\">\n\t\t\t\t\t<input id=\"search-46380a2\" placeholder=\"Titre\" class=\"e-search-input\" type=\"search\" name=\"s\" value=\"\" autocomplete=\"off\" role=\"combobox\" aria-autocomplete=\"list\" aria-expanded=\"false\" aria-controls=\"results-46380a2\" aria-haspopup=\"listbox\">\n\t\t\t\t\t<svg aria-hidden=\"true\" class=\"e-font-icon-svg e-fas-times\" viewBox=\"0 0 352 512\" xmlns=\"http:\/\/www.w3.org\/2000\/svg\"><path d=\"M242.72 256l100.07-100.07c12.28-12.28 12.28-32.19 0-44.48l-22.24-22.24c-12.28-12.28-32.19-12.28-44.48 0L176 189.28 75.93 89.21c-12.28-12.28-32.19-12.28-44.48 0L9.21 111.45c-12.28 12.28-12.28 32.19 0 44.48L109.28 256 9.21 356.07c-12.28 12.28-12.28 32.19 0 44.48l22.24 22.24c12.28 12.28 32.2 12.28 44.48 0L176 322.72l100.07 100.07c12.28 12.28 32.2 12.28 44.48 0l22.24-22.24c12.28-12.28 12.28-32.19 0-44.48L242.72 256z\"><\/path><\/svg>\t\t\t\t\t\t\t\t\t\t<output id=\"results-46380a2\" class=\"e-search-results-container hide-loader\" aria-live=\"polite\" aria-atomic=\"true\" aria-label=\"Results for search\" tabindex=\"0\">\n\t\t\t\t\t\t<div class=\"e-search-results\"><\/div>\n\t\t\t\t\t\t\t\t\t\t\t<\/output>\n\t\t\t\t\t\t\t\t\t<\/div>\n\t\t\t\t\n\t\t\t\t\n\t\t\t\t<button class=\"e-search-submit  \" type=\"submit\">\n\t\t\t\t\t\n\t\t\t\t\t\t\t\t\t\t<span class=\"\">\n\t\t\t\t\t\tRechercher\t\t\t\t\t<\/span>\n\t\t\t\t\t\t\t\t\t<\/button>\n\t\t\t\t<input type=\"hidden\" name=\"e_search_props\" value=\"46380a2-22\">\n\t\t\t<\/form>\n\t\t<\/search>\n\t\t\t\t\t\t<\/div>\n\t\t\t\t<\/div>\n\t\t\t\t<div class=\"elementor-element elementor-element-1805704 elementor-widget elementor-widget-taxonomy-filter\" data-id=\"1805704\" data-element_type=\"widget\" data-settings=\"{&quot;selected_element&quot;:&quot;38d7d50&quot;,&quot;taxonomy&quot;:&quot;category&quot;,&quot;multiple_selection&quot;:&quot;no&quot;}\" data-widget_type=\"taxonomy-filter.default\">\n\t\t\t\t<div class=\"elementor-widget-container\">\n\t\t\t\t\t\t\t<search class=\"e-filter\" role=\"search\" data-base-url=\"https:\/\/madamebutler.com\/fr\/\" data-page-num=\"1\">\n\t\t\t\t\t\t\t<button class=\"e-filter-item\" data-filter=\"actualites\" aria-pressed=\"false\">Actualit\u00e9s<\/button>\n\t\t\t\n\t\t\t\t\t\t\t\t\t<button class=\"e-filter-item\" data-filter=\"__all\" aria-pressed=\"true\">\n\t\t\t\tTout\t\t\t<\/button>\n\t\t\t\t\t<\/search>\n\t\t\t\t\t\t<\/div>\n\t\t\t\t<\/div>\n\t\t\t\t<\/div>\n\t\t\t\t<\/div>\n\t\t\t\t\t<\/div>\n\t\t\t\t<\/div>\n\t\t\t\t<\/div>\n\t\t","protected":false},"excerpt":{"rendered":"<p>Nos Derniers Articles Lisez nos derni\u00e8res actualit\u00e9s &amp; recommandations Search Rechercher Actualit\u00e9s Tout<\/p>\n","protected":false},"author":2,"featured_media":0,"parent":0,"menu_order":0,"comment_status":"closed","ping_status":"closed","template":"","meta":{"footnotes":""},"class_list":["post-22","page","type-page","status-publish","hentry"],"yoast_head":"<!-- This site is optimized with the Yoast SEO plugin v24.9 - https:\/\/yoast.com\/wordpress\/plugins\/seo\/ -->\n<title>Blog - Madame Bulter<\/title>\n<meta name=\"robots\" content=\"index, follow, max-snippet:-1, max-image-preview:large, max-video-preview:-1\" \/>\n<link rel=\"canonical\" href=\"https:\/\/madamebutler.com\/fr\/blog\/\" \/>\n<meta property=\"og:locale\" content=\"fr_FR\" \/>\n<meta property=\"og:type\" content=\"article\" \/>\n<meta property=\"og:title\" content=\"Blog - Madame Bulter\" \/>\n<meta property=\"og:description\" content=\"Nos Derniers Articles Lisez nos derni\u00e8res actualit\u00e9s &amp; recommandations Search Rechercher Actualit\u00e9s Tout\" \/>\n<meta property=\"og:url\" content=\"https:\/\/madamebutler.com\/fr\/blog\/\" \/>\n<meta property=\"og:site_name\" content=\"Madame Bulter\" \/>\n<meta property=\"article:modified_time\" content=\"2025-02-26T22:05:42+00:00\" \/>\n<meta name=\"twitter:card\" content=\"summary_large_image\" \/>\n<script type=\"application\/ld+json\" class=\"yoast-schema-graph\">{\"@context\":\"https:\/\/schema.org\",\"@graph\":[{\"@type\":\"WebPage\",\"@id\":\"https:\/\/madamebutler.com\/fr\/blog\/\",\"url\":\"https:\/\/madamebutler.com\/fr\/blog\/\",\"name\":\"Blog - Madame Bulter\",\"isPartOf\":{\"@id\":\"https:\/\/madamebutler.com\/#website\"},\"datePublished\":\"2025-02-20T12:39:37+00:00\",\"dateModified\":\"2025-02-26T22:05:42+00:00\",\"breadcrumb\":{\"@id\":\"https:\/\/madamebutler.com\/fr\/blog\/#breadcrumb\"},\"inLanguage\":\"fr-FR\",\"potentialAction\":[{\"@type\":\"ReadAction\",\"target\":[\"https:\/\/madamebutler.com\/fr\/blog\/\"]}]},{\"@type\":\"BreadcrumbList\",\"@id\":\"https:\/\/madamebutler.com\/fr\/blog\/#breadcrumb\",\"itemListElement\":[{\"@type\":\"ListItem\",\"position\":1,\"name\":\"Home\",\"item\":\"https:\/\/madamebutler.com\/fr\/\"},{\"@type\":\"ListItem\",\"position\":2,\"name\":\"Blog\"}]},{\"@type\":\"WebSite\",\"@id\":\"https:\/\/madamebutler.com\/#website\",\"url\":\"https:\/\/madamebutler.com\/\",\"name\":\"Madame Bulter\",\"description\":\"Create memories\",\"publisher\":{\"@id\":\"https:\/\/madamebutler.com\/#organization\"},\"potentialAction\":[{\"@type\":\"SearchAction\",\"target\":{\"@type\":\"EntryPoint\",\"urlTemplate\":\"https:\/\/madamebutler.com\/?s={search_term_string}\"},\"query-input\":{\"@type\":\"PropertyValueSpecification\",\"valueRequired\":true,\"valueName\":\"search_term_string\"}}],\"inLanguage\":\"fr-FR\"},{\"@type\":\"Organization\",\"@id\":\"https:\/\/madamebutler.com\/#organization\",\"name\":\"Madame Bulter\",\"url\":\"https:\/\/madamebutler.com\/\",\"logo\":{\"@type\":\"ImageObject\",\"inLanguage\":\"fr-FR\",\"@id\":\"https:\/\/madamebutler.com\/#\/schema\/logo\/image\/\",\"url\":\"https:\/\/madamebutler.com\/wp-content\/uploads\/1744386570430-2.jpg\",\"contentUrl\":\"https:\/\/madamebutler.com\/wp-content\/uploads\/1744386570430-2.jpg\",\"width\":512,\"height\":512,\"caption\":\"Madame Bulter\"},\"image\":{\"@id\":\"https:\/\/madamebutler.com\/#\/schema\/logo\/image\/\"}}]}<\/script>\n<!-- \/ Yoast SEO plugin. -->","yoast_head_json":{"title":"Blog - Madame Bulter","robots":{"index":"index","follow":"follow","max-snippet":"max-snippet:-1","max-image-preview":"max-image-preview:large","max-video-preview":"max-video-preview:-1"},"canonical":"https:\/\/madamebutler.com\/fr\/blog\/","og_locale":"fr_FR","og_type":"article","og_title":"Blog - Madame Bulter","og_description":"Nos Derniers Articles Lisez nos derni\u00e8res actualit\u00e9s &amp; recommandations Search Rechercher Actualit\u00e9s Tout","og_url":"https:\/\/madamebutler.com\/fr\/blog\/","og_site_name":"Madame Bulter","article_modified_time":"2025-02-26T22:05:42+00:00","twitter_card":"summary_large_image","schema":{"@context":"https:\/\/schema.org","@graph":[{"@type":"WebPage","@id":"https:\/\/madamebutler.com\/fr\/blog\/","url":"https:\/\/madamebutler.com\/fr\/blog\/","name":"Blog - Madame Bulter","isPartOf":{"@id":"https:\/\/madamebutler.com\/#website"},"datePublished":"2025-02-20T12:39:37+00:00","dateModified":"2025-02-26T22:05:42+00:00","breadcrumb":{"@id":"https:\/\/madamebutler.com\/fr\/blog\/#breadcrumb"},"inLanguage":"fr-FR","potentialAction":[{"@type":"ReadAction","target":["https:\/\/madamebutler.com\/fr\/blog\/"]}]},{"@type":"BreadcrumbList","@id":"https:\/\/madamebutler.com\/fr\/blog\/#breadcrumb","itemListElement":[{"@type":"ListItem","position":1,"name":"Home","item":"https:\/\/madamebutler.com\/fr\/"},{"@type":"ListItem","position":2,"name":"Blog"}]},{"@type":"WebSite","@id":"https:\/\/madamebutler.com\/#website","url":"https:\/\/madamebutler.com\/","name":"Madame Bulter","description":"Create memories","publisher":{"@id":"https:\/\/madamebutler.com\/#organization"},"potentialAction":[{"@type":"SearchAction","target":{"@type":"EntryPoint","urlTemplate":"https:\/\/madamebutler.com\/?s={search_term_string}"},"query-input":{"@type":"PropertyValueSpecification","valueRequired":true,"valueName":"search_term_string"}}],"inLanguage":"fr-FR"},{"@type":"Organization","@id":"https:\/\/madamebutler.com\/#organization","name":"Madame Bulter","url":"https:\/\/madamebutler.com\/","logo":{"@type":"ImageObject","inLanguage":"fr-FR","@id":"https:\/\/madamebutler.com\/#\/schema\/logo\/image\/","url":"https:\/\/madamebutler.com\/wp-content\/uploads\/1744386570430-2.jpg","contentUrl":"https:\/\/madamebutler.com\/wp-content\/uploads\/1744386570430-2.jpg","width":512,"height":512,"caption":"Madame Bulter"},"image":{"@id":"https:\/\/madamebutler.com\/#\/schema\/logo\/image\/"}}]}},"_links":{"self":[{"href":"https:\/\/madamebutler.com\/fr\/wp-json\/wp\/v2\/pages\/22","targetHints":{"allow":["GET"]}}],"collection":[{"href":"https:\/\/madamebutler.com\/fr\/wp-json\/wp\/v2\/pages"}],"about":[{"href":"https:\/\/madamebutler.com\/fr\/wp-json\/wp\/v2\/types\/page"}],"author":[{"embeddable":true,"href":"https:\/\/madamebutler.com\/fr\/wp-json\/wp\/v2\/users\/2"}],"replies":[{"embeddable":true,"href":"https:\/\/madamebutler.com\/fr\/wp-json\/wp\/v2\/comments?post=22"}],"version-history":[{"count":34,"href":"https:\/\/madamebutler.com\/fr\/wp-json\/wp\/v2\/pages\/22\/revisions"}],"predecessor-version":[{"id":836,"href":"https:\/\/madamebutler.com\/fr\/wp-json\/wp\/v2\/pages\/22\/revisions\/836"}],"wp:attachment":[{"href":"https:\/\/madamebutler.com\/fr\/wp-json\/wp\/v2\/media?parent=22"}],"curies":[{"name":"wp","href":"https:\/\/api.w.org\/{rel}","templated":true}]}}